{"id":330,"date":"2020-02-18T18:44:12","date_gmt":"2020-02-18T17:44:12","guid":{"rendered":"http:\/\/lenefauerby.dk\/?page_id=330"},"modified":"2020-09-06T14:13:57","modified_gmt":"2020-09-06T12:13:57","slug":"hvem-er-jeg","status":"publish","type":"page","link":"http:\/\/lenefauerby.dk\/?page_id=330","title":{"rendered":"Hvem er jeg?"},"content":{"rendered":"\t\t<div data-elementor-type=\"wp-page\" data-elementor-id=\"330\" class=\"elementor elementor-330\">\n\t\t\t\t\t\t<section class=\"elementor-section elementor-top-section elementor-element elementor-element-e2d7fd3 elementor-section-boxed elementor-section-height-default elementor-section-height-default\" data-id=\"e2d7fd3\" data-element_type=\"section\">\n\t\t\t\t\t\t<div class=\"elementor-container elementor-column-gap-default\">\n\t\t\t\t\t<div class=\"elementor-column elementor-col-100 elementor-top-column elementor-element elementor-element-3808447\" data-id=\"3808447\" data-element_type=\"column\">\n\t\t\t<div class=\"elementor-widget-wrap elementor-element-populated\">\n\t\t\t\t\t\t<div class=\"elementor-element elementor-element-c5af35e elementor-widget-divider--view-line_text elementor-widget-divider--element-align-center elementor-widget elementor-widget-divider\" data-id=\"c5af35e\" data-element_type=\"widget\" data-widget_type=\"divider.default\">\n\t\t\t\t<div class=\"elementor-widget-container\">\n\t\t\t\t\t\t\t<div class=\"elementor-divider\">\n\t\t\t<span class=\"elementor-divider-separator\">\n\t\t\t\t\t\t\t<span class=\"elementor-divider__text elementor-divider__element\">\n\t\t\t\tHvem er jeg?\t\t\t\t<\/span>\n\t\t\t\t\t\t<\/span>\n\t\t<\/div>\n\t\t\t\t\t\t<\/div>\n\t\t\t\t<\/div>\n\t\t\t\t\t<\/div>\n\t\t<\/div>\n\t\t\t\t\t<\/div>\n\t\t<\/section>\n\t\t\t\t<section class=\"elementor-section elementor-top-section elementor-element elementor-element-aabbfba elementor-section-boxed elementor-section-height-default elementor-section-height-default\" data-id=\"aabbfba\" data-element_type=\"section\">\n\t\t\t\t\t\t<div class=\"elementor-container elementor-column-gap-default\">\n\t\t\t\t\t<div class=\"elementor-column elementor-col-100 elementor-top-column elementor-element elementor-element-7f391c4\" data-id=\"7f391c4\" data-element_type=\"column\">\n\t\t\t<div class=\"elementor-widget-wrap elementor-element-populated\">\n\t\t\t\t\t\t<div class=\"elementor-element elementor-element-c288be5 elementor-widget elementor-widget-text-editor\" data-id=\"c288be5\" data-element_type=\"widget\" data-widget_type=\"text-editor.default\">\n\t\t\t\t<div class=\"elementor-widget-container\">\n\t\t\t\t\t\t\t\t\t<h5><img fetchpriority=\"high\" decoding=\"async\" class=\"alignright wp-image-356\" src=\"http:\/\/lenefauerby.dk\/wp-content\/uploads\/2020\/02\/9564903_ehi-200x300.jpg\" alt=\"\" width=\"467\" height=\"700\" srcset=\"http:\/\/lenefauerby.dk\/wp-content\/uploads\/2020\/02\/9564903_ehi-200x300.jpg 200w, http:\/\/lenefauerby.dk\/wp-content\/uploads\/2020\/02\/9564903_ehi-683x1024.jpg 683w, http:\/\/lenefauerby.dk\/wp-content\/uploads\/2020\/02\/9564903_ehi-768x1152.jpg 768w, http:\/\/lenefauerby.dk\/wp-content\/uploads\/2020\/02\/9564903_ehi-666x999.jpg 666w, http:\/\/lenefauerby.dk\/wp-content\/uploads\/2020\/02\/9564903_ehi.jpg 1000w\" sizes=\"(max-width: 467px) 100vw, 467px\" \/><\/h5>\nJeg er f\u00f8dt i 1952 i \u00c5rhus.\nDa jeg var \u00bd \u00e5r flyttede mine for\u00e6ldre til Sj\u00e6lland, s\u00e5 jeg er vokset op i R\u00f8dovre. Og her bor jeg ogs\u00e5 nu, selvom jeg igennem \u00e5rene har v\u00e6ret lidt omkring.\n<\/span><\/p>\nJeg har altid v\u00e6ret vild med at digte historier, og jeg skrev eller rettere sagt tegnede mine f\u00f8rste b\u00f8ger p\u00e5 gamle tapetruller, allerede inden jeg begyndte at g\u00e5 i skole.\n<\/span><\/p>\nJeg debuterede i 1977, hvor jeg som 23-\u00e5rig vandt andenpr\u00e6mien i en konkurrence i Alt for Damerne med en novelle om K\u00e6rlighed.\n<\/span><\/p>\nFra 1984-86 boede jeg i en bygd i \u00d8stgr\u00f8nland 50 km nord for Ammassalik. Bygden hedder Kuummiut, og de to \u00e5r jeg tilbragte her, har betydet utroligt meget for mig.\n<\/span><\/p>\n2006-2007 sejlede jeg til Caribien og retur sammen med min mand i vores sejlb\u00e5d Lela.\n<\/span><\/p>\nJeg elsker at finde p\u00e5 historier og skrive dem ned, s\u00e5 andre kan have gl\u00e6de af dem.\n<\/span><\/p>\n<p class=\"hoved_tekst\">Jeg skriver for b\u00f8rn i alle aldre, lige fra billedb\u00f8ger til de mindste\u00a0til romaner beregnet for unge.\nDet er blevet til en del\u00a0romaner,\u00a0billedb\u00f8ger samt b\u00f8ger, som er lette at l\u00e6se. I dem alle s\u00e6tter jeg fantasien, og hvad den kan g\u00f8re ved os, h\u00f8jt.<span style=\"color: #000000;\">\n<\/span><\/p>\nI de senere \u00e5r er det ogs\u00e5 blevet til et par b\u00f8ger for voksne.\n\nKirsten Bystrup fra Center for B\u00f8rnelitteratur skriver dette om mig og mine b\u00f8ger p\u00e5\u00a0<a href=\"http:\/\/www.childbooks.dk\/\">www.childbooks.dk<\/a>:se\t\t\t\t\t\t\t\t<\/div>\n\t\t\t\t<\/div>\n\t\t\t\t\t<\/div>\n\t\t<\/div>\n\t\t\t\t\t<\/div>\n\t\t<\/section>\n\t\t\t\t<section class=\"elementor-section elementor-top-section elementor-element elementor-element-14e35cd elementor-section-boxed elementor-section-height-default elementor-section-height-default\" data-id=\"14e35cd\" data-element_type=\"section\">\n\t\t\t\t\t\t<div class=\"elementor-container elementor-column-gap-default\">\n\t\t\t\t\t<div class=\"elementor-column elementor-col-100 elementor-top-column elementor-element elementor-element-5fe63cd\" data-id=\"5fe63cd\" data-element_type=\"column\">\n\t\t\t<div class=\"elementor-widget-wrap elementor-element-populated\">\n\t\t\t\t\t\t<div class=\"elementor-element elementor-element-51a9923 elementor-widget elementor-widget-text-editor\" data-id=\"51a9923\" data-element_type=\"widget\" data-widget_type=\"text-editor.default\">\n\t\t\t\t<div class=\"elementor-widget-container\">\n\t\t\t\t\t\t\t\t\t<h5>Lene Fauerby<\/h5><p>Af Kirsten Bystrup<\/p><p>Lene Fauerbys b\u00f8ger er karakteriseret ved en stor fort\u00e6llegl\u00e6de og en s\u00e6rlig sans for at kunne skrive til b\u00f8rn i mange forskellige aldre. Siden sin debut som b\u00f8rnebogsforfatter i 1987 har Lene Fauerby veloplagt og dygtigt udfordret genrer som romanen, letl\u00e6sningbogen og billedbogen. Hun siger selv, at fantasi er noget af det fineste, man har, og at hun elsker at skrive og finde p\u00e5 historier \u2013 og det m\u00e6rker man!<\/p><p>Gr\u00f8nland spiller en v\u00e6sentlig rolle i Lene Fauerbys forfatterskab. Fanget p\u00e5 isen, som hendes f\u00f8rste b\u00f8rnebog hedder, foreg\u00e5r s\u00e5ledes netop i den lille \u00f8stgr\u00f8nlandske bygd, hvor hun selv opholdt sig i to \u00e5r. Det er fort\u00e6llingen om, hvordan den store dreng Mikkeli bliver fanget p\u00e5 isen af t\u00e5gen, da han er p\u00e5 s\u00e6lfangst med sin bedstefar. Lene Fauerby skriver p\u00e5 sin store viden om forholdene i Gr\u00f8nland. Hun er ikke blot realistisk men n\u00e6sten dokumentarisk helt ned i detaljen. Det er en fort\u00e6lling, der nok lever mere i sin k\u00e6rlige respektfuldhed overfor det gr\u00f8nlandske folk, end den lever i sin historie.<\/p><p>Men allerede i den n\u00e6ste fort\u00e6lling om Mikkeli, Nogen gange g\u00f8r det ondt at leve, der udspiller sig 3 \u00e5r senere, er det fort\u00e6llingen, der tager over. Lene Fauerby ser skiftevis med Mikkelis og barndomsveninden Silpas \u00f8jne og giver dermed et indblik i to meget forskellige m\u00e5der at opfatte tingenes gang p\u00e5. En stormende forelskelse l\u00f8ber ud i sandet, fordi Mikkeli ikke forst\u00e5r Silpas smerte over morens sygdom og d\u00f8d. Det er meget usentimentalt beskrevet, velg\u00f8rende direkte, men samtidig med en stor indlevelse og forst\u00e5else for de to personer, deres liv og sammenh\u00e6ng.<\/p><p>Ogs\u00e5 ungdomsromanen Et halvt hjerte, om den 14-15-\u00e5rig pige, Naja, handler om en pige, der mister sin mor. Najas gr\u00f8nlandske mor og lilles\u00f8ster omkommer i en trafikulykke, og Naja og hendes danske far flytter tilbage til det sted i Gr\u00f8nland, som moren kom fra. Titlen henviser konkret til det venindesmykke, et halvt s\u00f8lvhjerte til at h\u00e6nge om halsen, som Naja f\u00e5r fra veninden i Danmark. Men den henviser ogs\u00e5 i overf\u00f8rt forstand til Najas oplevelse af ikke at v\u00e6re hel efter morens d\u00f8d og efter at have forladt Danmark. Fort\u00e6llingen l\u00f8ber i to spor \u2013 et nutidigt og et historisk, noget som allerede forsidebilledet g\u00f8r opm\u00e6rksom p\u00e5. Vi ser et gr\u00f8nlandsk pigeansigt, delt i to, hvor den ene halvdel er traditionelt gr\u00f8nlandsk, mens den anden har lidt europ\u00e6iserede tr\u00e6k. Naja bearbejder sin sorg over morens d\u00f8d i en dr\u00f8m, der foreg\u00e5r 500 \u00e5r tidligere. Lene Fauerby har ladet sig inspirere af det opsigtsv\u00e6kkende ark\u00e6ologiske fund af otte velbevarede mumier \u2013 kvinder og b\u00f8rn \u2013 og drager p\u00e5 den m\u00e5de Gr\u00f8nlands historie ind i sin fort\u00e6lling. Najas identitet og selvforst\u00e5else spejler sig i fortiden, ligesom naturen om hende bliver til et spejl p\u00e5 hendes sindstilstand.<\/p><p>Historierne i de to letl\u00e6sningsb\u00f8ger, Is-bjerget og Fjeld-\u00e5nden, er med i romanen Nogen gange g\u00f8r det ondt at leve. Hvor Lene Fauerby skriver i et billedrigt, malende og sansem\u00e6ttet sprog i romanen, evner hun i letl\u00e6sningsb\u00f8gerne at lade stemningen og forventningen, skr\u00e6kken og uroen komme frem med ganske f\u00e5 ord. Det er fort\u00e6llingen om to b\u00f8rn i naturens vold \u2013 en dansker og en gr\u00f8nl\u00e6nder. Vi h\u00f8rer om Kasper og Maliks oplevelser p\u00e5 isen og i fjeldet, p\u00e5 fiskefangst og p\u00e5 rypefangst og i m\u00f8det med fjeld\u00e5nden, qivittoq\u2019en.<\/p><p>Det er i det hele taget kendetegnende for Lene Fauerbys letl\u00e6sningsb\u00f8ger, at hun \u2013 det knappe sprog til trods \u2013 er god til at fange sin l\u00e6ser ved de gode plots, den varierede fort\u00e6lleteknik og humoren. S\u00e5dan er det fx i de fem b\u00f8ger om Jan og Liv, deres familie og venner, hvor vi kommer rundt i mange kroge af den gode historie \u2013 lige fra \u201ddengang far var barn\u201d (Det sorte genf\u00e6rd) og den fra b\u00f8rneb\u00f8gerne s\u00e5 velkendte fort\u00e6lling om det tomme hus og den vrede vagtmand (Den hemmelige hule, Det forladte hus) over det at v\u00e6re bange uden at ville erkende det (Vampyren) til den meget realistiske men samtidig ogs\u00e5 morsomme fort\u00e6lling om den lille families jagt p\u00e5 r\u00e6ven (Til kamp mod r\u00e6ven).<\/p><p>I billedb\u00f8gerne udforsker Lene Fauerby et helt andet omr\u00e5de af fort\u00e6llingen \u2013 historien til det lille barn, der skal formidles via h\u00f8jtl\u00e6sning og billeds\u00e6tning. I b\u00f8gerne om Mette er det fort\u00e6llinger om hverdagens gl\u00e6de og drama. Mette er vel en to-tre \u00e5r. Hvad enten det drejer sig om at pynte juletr\u00e6 eller at lege gemme med mor, er historien enkelt og ligefremt fortalt med sans for den pointe, som det lille barn kan forst\u00e5. Mette-Kirstine Baks fine meddigtende illustrationer er med til at g\u00f8re b\u00f8gerne s\u00e5 helst\u00f8bte. Is\u00e6r er hendes ekspressive og farvest\u00e6rke illustration af den lille k\u00e6kke og ufortr\u00f8dne hovedperson, der er piget p\u00e5 sin helt egen m\u00e5de, uovertruffen.<\/p><p>Bj\u00f8rnen kommer er ogs\u00e5 et hverdagsdrama men for de lidt st\u00f8rre b\u00f8rn. Der er en voldsomhed og en kraft i fort\u00e6llingen om, hvordan fantasiens leg pludselig bliver til virkelighed for stores\u00f8steren, da hun leger bj\u00f8rn med sine to mindre s\u00f8skende. Hun bliver bj\u00f8rnen! Det er sp\u00e6ndende fortalt \u2013 en rigtig gyser, der viser en forfatter med sans og n\u00e6rv\u00e6r for b\u00f8rns m\u00e5de at opleve p\u00e5.<\/p><p>I Pigen der elskede ord indfanger Lene Fauerby hele sin fascination ved ordenes magi og fort\u00e6llingens kraft i den rimede historie om pigen Sille, der aldrig kunne f\u00e5 nok af ord \u2013 som lille skal hun have l\u00e6st h\u00f8jt, i skolen sluger hun ordene i store klumper og siden bliver hun en l\u00e6sehest, der i al sin opslugthed af ord og fort\u00e6llinger er en fare for sine omgivelser. Det g\u00e5r over stok og sten, den ene barokke og vanvittige situation afl\u00f8ser den anden. Det er overraskende, og det er sjovt. Der er en energi og gl\u00e6de i de veloplagte rimede strofer. Samtidig er der ogs\u00e5 i denne bog et fint udspil til illustratorens meddigten, og tekst og billede supplerer hinanden forbilledligt.<\/p>\t\t\t\t\t\t\t\t<\/div>\n\t\t\t\t<\/div>\n\t\t\t\t\t<\/div>\n\t\t<\/div>\n\t\t\t\t\t<\/div>\n\t\t<\/section>\n\t\t\t\t<\/div>\n\t\t","protected":false},"excerpt":{"rendered":"<p>Hvem er jeg? Jeg er f\u00f8dt i 1952 i \u00c5rhus. Da jeg var \u00bd \u00e5r flyttede mine for\u00e6ldre til Sj\u00e6lland, s\u00e5 jeg er vokset op i R\u00f8dovre. Og her bor jeg ogs\u00e5 nu, selvom jeg<span class=\"more-button\"><a href=\"http:\/\/lenefauerby.dk\/?page_id=330\" class=\"more-link\">Continue reading<span class=\"screen-reader-text\">Hvem er jeg?<\/span><i class=\"fa fa-angle-right\" aria-hidden=\"true\"><\/i><\/a><\/span><\/p>\n","protected":false},"author":2,"featured_media":0,"parent":0,"menu_order":0,"comment_status":"closed","ping_status":"closed","template":"elementor_header_footer","meta":{"footnotes":""},"_links":{"self":[{"href":"http:\/\/lenefauerby.dk\/index.php?rest_route=\/wp\/v2\/pages\/330"}],"collection":[{"href":"http:\/\/lenefauerby.dk\/index.php?rest_route=\/wp\/v2\/pages"}],"about":[{"href":"http:\/\/lenefauerby.dk\/index.php?rest_route=\/wp\/v2\/types\/page"}],"author":[{"embeddable":true,"href":"http:\/\/lenefauerby.dk\/index.php?rest_route=\/wp\/v2\/users\/2"}],"replies":[{"embeddable":true,"href":"http:\/\/lenefauerby.dk\/index.php?rest_route=%2Fwp%2Fv2%2Fcomments&post=330"}],"version-history":[{"count":9,"href":"http:\/\/lenefauerby.dk\/index.php?rest_route=\/wp\/v2\/pages\/330\/revisions"}],"predecessor-version":[{"id":805,"href":"http:\/\/lenefauerby.dk\/index.php?rest_route=\/wp\/v2\/pages\/330\/revisions\/805"}],"wp:attachment":[{"href":"http:\/\/lenefauerby.dk\/index.php?rest_route=%2Fwp%2Fv2%2Fmedia&parent=330"}],"curies":[{"name":"wp","href":"https:\/\/api.w.org\/{rel}","templated":true}]}}