{"id":8,"date":"2019-11-25T13:58:51","date_gmt":"2019-11-25T12:58:51","guid":{"rendered":"http:\/\/lenefauerby.dk\/?page_id=8"},"modified":"2020-09-11T10:26:12","modified_gmt":"2020-09-11T08:26:12","slug":"forside","status":"publish","type":"page","link":"http:\/\/lenefauerby.dk\/","title":{"rendered":"Forside"},"content":{"rendered":"\t\t<div data-elementor-type=\"wp-page\" data-elementor-id=\"8\" class=\"elementor elementor-8\">\n\t\t\t\t\t\t<section class=\"elementor-section elementor-top-section elementor-element elementor-element-81a760f elementor-section-boxed elementor-section-height-default elementor-section-height-default\" data-id=\"81a760f\" data-element_type=\"section\">\n\t\t\t\t\t\t<div class=\"elementor-container elementor-column-gap-default\">\n\t\t\t\t\t<div class=\"elementor-column elementor-col-100 elementor-top-column elementor-element elementor-element-533d535\" data-id=\"533d535\" data-element_type=\"column\">\n\t\t\t<div class=\"elementor-widget-wrap elementor-element-populated\">\n\t\t\t\t\t\t<div class=\"elementor-element elementor-element-9d26c27 elementor-widget-divider--view-line_text elementor-widget-divider--element-align-center elementor-widget elementor-widget-divider\" data-id=\"9d26c27\" data-element_type=\"widget\" data-widget_type=\"divider.default\">\n\t\t\t\t<div class=\"elementor-widget-container\">\n\t\t\t\t\t\t\t<div class=\"elementor-divider\">\n\t\t\t<span class=\"elementor-divider-separator\">\n\t\t\t\t\t\t\t<span class=\"elementor-divider__text elementor-divider__element\">\n\t\t\t\tForfatter Lene Fauerby\t\t\t\t<\/span>\n\t\t\t\t\t\t<\/span>\n\t\t<\/div>\n\t\t\t\t\t\t<\/div>\n\t\t\t\t<\/div>\n\t\t\t\t\t<\/div>\n\t\t<\/div>\n\t\t\t\t\t<\/div>\n\t\t<\/section>\n\t\t\t\t<section class=\"elementor-section elementor-top-section elementor-element elementor-element-9fd5365 elementor-section-content-middle elementor-section-boxed elementor-section-height-default elementor-section-height-default\" data-id=\"9fd5365\" data-element_type=\"section\">\n\t\t\t\t\t\t<div class=\"elementor-container elementor-column-gap-default\">\n\t\t\t\t\t<div class=\"elementor-column elementor-col-50 elementor-top-column elementor-element elementor-element-9909233\" data-id=\"9909233\" data-element_type=\"column\">\n\t\t\t<div class=\"elementor-widget-wrap elementor-element-populated\">\n\t\t\t\t\t\t<div class=\"elementor-element elementor-element-1903b3a elementor-widget elementor-widget-text-editor\" data-id=\"1903b3a\" data-element_type=\"widget\" data-widget_type=\"text-editor.default\">\n\t\t\t\t<div class=\"elementor-widget-container\">\n\t\t\t\t\t\t\t\t\t<p>\u00a0<\/p><p>\u00a0<\/p><p class=\"hoved_tekst\">Jeg synes, at fantasi er noget af det fineste, man har.<br \/>Jeg elsker at finde p\u00e5 historier og skrive dem ned, s\u00e5 andre kan have gl\u00e6de af dem.<\/p><p class=\"hoved_tekst\">Jeg skriver for b\u00f8rn i alle aldre, lige fra billedb\u00f8ger til de mindste &#8230; til romaner for unge.<\/p><p>Samt nogle romaner for voksne.<\/p><p class=\"hoved_tekst\">I alle mine b\u00f8ger s\u00e6tter jeg fantasien, og hvad den kan g\u00f8re ved os, h\u00f8jt.<\/p><p>\u00a0<\/p>\t\t\t\t\t\t\t\t<\/div>\n\t\t\t\t<\/div>\n\t\t\t\t\t<\/div>\n\t\t<\/div>\n\t\t\t\t<div class=\"elementor-column elementor-col-50 elementor-top-column elementor-element elementor-element-2d05548\" data-id=\"2d05548\" data-element_type=\"column\">\n\t\t\t<div class=\"elementor-widget-wrap elementor-element-populated\">\n\t\t\t\t\t\t<div class=\"elementor-element elementor-element-512de7c elementor-widget elementor-widget-image\" data-id=\"512de7c\" data-element_type=\"widget\" data-widget_type=\"image.default\">\n\t\t\t\t<div class=\"elementor-widget-container\">\n\t\t\t\t\t\t\t\t\t\t\t\t\t\t\t<img fetchpriority=\"high\" decoding=\"async\" width=\"300\" height=\"300\" src=\"http:\/\/lenefauerby.dk\/wp-content\/uploads\/2019\/12\/2187_a36f0dc7e94b409f969db1b49885ec9f_500-1-e1575489290245-300x300.jpg\" class=\"attachment-medium size-medium wp-image-19\" alt=\"\" srcset=\"http:\/\/lenefauerby.dk\/wp-content\/uploads\/2019\/12\/2187_a36f0dc7e94b409f969db1b49885ec9f_500-1-e1575489290245-300x300.jpg 300w, http:\/\/lenefauerby.dk\/wp-content\/uploads\/2019\/12\/2187_a36f0dc7e94b409f969db1b49885ec9f_500-1-e1575489290245-150x150.jpg 150w, http:\/\/lenefauerby.dk\/wp-content\/uploads\/2019\/12\/2187_a36f0dc7e94b409f969db1b49885ec9f_500-1-e1575489290245.jpg 474w\" sizes=\"(max-width: 300px) 100vw, 300px\" \/>\t\t\t\t\t\t\t\t\t\t\t\t\t\t\t<\/div>\n\t\t\t\t<\/div>\n\t\t\t\t\t<\/div>\n\t\t<\/div>\n\t\t\t\t\t<\/div>\n\t\t<\/section>\n\t\t\t\t<section class=\"elementor-section elementor-top-section elementor-element elementor-element-eeea70f elementor-section-boxed elementor-section-height-default elementor-section-height-default\" data-id=\"eeea70f\" data-element_type=\"section\">\n\t\t\t\t\t\t<div class=\"elementor-container elementor-column-gap-default\">\n\t\t\t\t\t<div class=\"elementor-column elementor-col-100 elementor-top-column elementor-element elementor-element-a2ead0b\" data-id=\"a2ead0b\" data-element_type=\"column\">\n\t\t\t<div class=\"elementor-widget-wrap elementor-element-populated\">\n\t\t\t\t\t\t<div class=\"elementor-element elementor-element-2746c8d elementor-widget elementor-widget-spacer\" data-id=\"2746c8d\" data-element_type=\"widget\" data-widget_type=\"spacer.default\">\n\t\t\t\t<div class=\"elementor-widget-container\">\n\t\t\t\t\t\t\t<div class=\"elementor-spacer\">\n\t\t\t<div class=\"elementor-spacer-inner\"><\/div>\n\t\t<\/div>\n\t\t\t\t\t\t<\/div>\n\t\t\t\t<\/div>\n\t\t\t\t\t<\/div>\n\t\t<\/div>\n\t\t\t\t\t<\/div>\n\t\t<\/section>\n\t\t\t\t<section class=\"elementor-section elementor-top-section elementor-element elementor-element-cafd6ca elementor-section-boxed elementor-section-height-default elementor-section-height-default\" data-id=\"cafd6ca\" data-element_type=\"section\" data-settings=\"{&quot;background_background&quot;:&quot;classic&quot;}\">\n\t\t\t\t\t\t<div class=\"elementor-container elementor-column-gap-default\">\n\t\t\t\t\t<div class=\"elementor-column elementor-col-100 elementor-top-column elementor-element elementor-element-e4f1f86\" data-id=\"e4f1f86\" data-element_type=\"column\">\n\t\t\t<div class=\"elementor-widget-wrap elementor-element-populated\">\n\t\t\t\t\t\t<div class=\"elementor-element elementor-element-1e4ce66 elementor-widget-divider--view-line_text elementor-widget-divider--element-align-center elementor-widget elementor-widget-divider\" data-id=\"1e4ce66\" data-element_type=\"widget\" data-widget_type=\"divider.default\">\n\t\t\t\t<div class=\"elementor-widget-container\">\n\t\t\t\t\t\t\t<div class=\"elementor-divider\">\n\t\t\t<span class=\"elementor-divider-separator\">\n\t\t\t\t\t\t\t<span class=\"elementor-divider__text elementor-divider__element\">\n\t\t\t\tSeneste udgivelser\t\t\t\t<\/span>\n\t\t\t\t\t\t<\/span>\n\t\t<\/div>\n\t\t\t\t\t\t<\/div>\n\t\t\t\t<\/div>\n\t\t\t\t\t<\/div>\n\t\t<\/div>\n\t\t\t\t\t<\/div>\n\t\t<\/section>\n\t\t\t\t<section class=\"elementor-section elementor-top-section elementor-element elementor-element-0702198 elementor-section-boxed elementor-section-height-default elementor-section-height-default\" data-id=\"0702198\" data-element_type=\"section\">\n\t\t\t\t\t\t<div class=\"elementor-container elementor-column-gap-default\">\n\t\t\t\t\t<div class=\"elementor-column elementor-col-100 elementor-top-column elementor-element elementor-element-749875e\" data-id=\"749875e\" data-element_type=\"column\">\n\t\t\t<div class=\"elementor-widget-wrap elementor-element-populated\">\n\t\t\t\t\t\t<div class=\"elementor-element elementor-element-a2003ba elementor-widget elementor-widget-image-gallery\" data-id=\"a2003ba\" data-element_type=\"widget\" data-widget_type=\"image-gallery.default\">\n\t\t\t\t<div class=\"elementor-widget-container\">\n\t\t\t\t\t\t\t<div class=\"elementor-image-gallery\">\n\t\t\t<div id='gallery-1' class='gallery galleryid-8 gallery-columns-6 gallery-size-chique-portfolio'><figure class='gallery-item'>\n\t\t\t<div class='gallery-icon portrait'>\n\t\t\t\t<a data-elementor-open-lightbox=\"no\" href='http:\/\/lenefauerby.dk\/wp-content\/uploads\/2019\/12\/6861137_ehi.jpg'><img decoding=\"async\" width=\"666\" height=\"711\" src=\"http:\/\/lenefauerby.dk\/wp-content\/uploads\/2019\/12\/6861137_ehi.jpg\" class=\"attachment-chique-portfolio size-chique-portfolio\" alt=\"\" srcset=\"http:\/\/lenefauerby.dk\/wp-content\/uploads\/2019\/12\/6861137_ehi.jpg 1000w, http:\/\/lenefauerby.dk\/wp-content\/uploads\/2019\/12\/6861137_ehi-281x300.jpg 281w, http:\/\/lenefauerby.dk\/wp-content\/uploads\/2019\/12\/6861137_ehi-959x1024.jpg 959w, http:\/\/lenefauerby.dk\/wp-content\/uploads\/2019\/12\/6861137_ehi-768x820.jpg 768w\" sizes=\"(max-width: 666px) 100vw, 666px\" \/><\/a>\n\t\t\t<\/div><\/figure><figure class='gallery-item'>\n\t\t\t<div class='gallery-icon portrait'>\n\t\t\t\t<a data-elementor-open-lightbox=\"no\" href='http:\/\/lenefauerby.dk\/wp-content\/uploads\/2020\/04\/4174095.jpg'><img decoding=\"async\" width=\"280\" height=\"400\" src=\"http:\/\/lenefauerby.dk\/wp-content\/uploads\/2020\/04\/4174095.jpg\" class=\"attachment-chique-portfolio size-chique-portfolio\" alt=\"\" srcset=\"http:\/\/lenefauerby.dk\/wp-content\/uploads\/2020\/04\/4174095.jpg 280w, http:\/\/lenefauerby.dk\/wp-content\/uploads\/2020\/04\/4174095-210x300.jpg 210w\" sizes=\"(max-width: 280px) 100vw, 280px\" \/><\/a>\n\t\t\t<\/div><\/figure><figure class='gallery-item'>\n\t\t\t<div class='gallery-icon portrait'>\n\t\t\t\t<a data-elementor-open-lightbox=\"no\" href='http:\/\/lenefauerby.dk\/wp-content\/uploads\/2020\/04\/5879863.jpg'><img loading=\"lazy\" decoding=\"async\" width=\"280\" height=\"445\" src=\"http:\/\/lenefauerby.dk\/wp-content\/uploads\/2020\/04\/5879863.jpg\" class=\"attachment-chique-portfolio size-chique-portfolio\" alt=\"\" srcset=\"http:\/\/lenefauerby.dk\/wp-content\/uploads\/2020\/04\/5879863.jpg 280w, http:\/\/lenefauerby.dk\/wp-content\/uploads\/2020\/04\/5879863-189x300.jpg 189w\" sizes=\"(max-width: 280px) 100vw, 280px\" \/><\/a>\n\t\t\t<\/div><\/figure><figure class='gallery-item'>\n\t\t\t<div class='gallery-icon portrait'>\n\t\t\t\t<a data-elementor-open-lightbox=\"no\" href='http:\/\/lenefauerby.dk\/wp-content\/uploads\/2020\/04\/6028106.jpg'><img loading=\"lazy\" decoding=\"async\" width=\"280\" height=\"409\" src=\"http:\/\/lenefauerby.dk\/wp-content\/uploads\/2020\/04\/6028106.jpg\" class=\"attachment-chique-portfolio size-chique-portfolio\" alt=\"\" srcset=\"http:\/\/lenefauerby.dk\/wp-content\/uploads\/2020\/04\/6028106.jpg 280w, http:\/\/lenefauerby.dk\/wp-content\/uploads\/2020\/04\/6028106-205x300.jpg 205w\" sizes=\"(max-width: 280px) 100vw, 280px\" \/><\/a>\n\t\t\t<\/div><\/figure><figure class='gallery-item'>\n\t\t\t<div class='gallery-icon portrait'>\n\t\t\t\t<a data-elementor-open-lightbox=\"no\" href='http:\/\/lenefauerby.dk\/wp-content\/uploads\/2020\/04\/6967332.jpg'><img loading=\"lazy\" decoding=\"async\" width=\"280\" height=\"385\" src=\"http:\/\/lenefauerby.dk\/wp-content\/uploads\/2020\/04\/6967332.jpg\" class=\"attachment-chique-portfolio size-chique-portfolio\" alt=\"\" srcset=\"http:\/\/lenefauerby.dk\/wp-content\/uploads\/2020\/04\/6967332.jpg 280w, http:\/\/lenefauerby.dk\/wp-content\/uploads\/2020\/04\/6967332-218x300.jpg 218w\" sizes=\"(max-width: 280px) 100vw, 280px\" \/><\/a>\n\t\t\t<\/div><\/figure><figure class='gallery-item'>\n\t\t\t<div class='gallery-icon portrait'>\n\t\t\t\t<a data-elementor-open-lightbox=\"no\" href='http:\/\/lenefauerby.dk\/wp-content\/uploads\/2020\/04\/7151876.jpg'><img loading=\"lazy\" decoding=\"async\" width=\"280\" height=\"299\" src=\"http:\/\/lenefauerby.dk\/wp-content\/uploads\/2020\/04\/7151876.jpg\" class=\"attachment-chique-portfolio size-chique-portfolio\" alt=\"\" \/><\/a>\n\t\t\t<\/div><\/figure>\n\t\t<\/div>\n\t\t<\/div>\n\t\t\t\t\t\t<\/div>\n\t\t\t\t<\/div>\n\t\t\t\t\t<\/div>\n\t\t<\/div>\n\t\t\t\t\t<\/div>\n\t\t<\/section>\n\t\t\t\t<\/div>\n\t\t","protected":false},"excerpt":{"rendered":"<p>Forfatter Lene Fauerby Jeg synes, at fantasi er noget af det fineste, man har. Jeg elsker at finde p\u00e5 historier og skrive dem ned, s\u00e5 andre kan have gl\u00e6de af dem. Jeg skriver for b\u00f8rn<span class=\"more-button\"><a href=\"http:\/\/lenefauerby.dk\/\" class=\"more-link\">Continue reading<span class=\"screen-reader-text\">Forside<\/span><i class=\"fa fa-angle-right\" aria-hidden=\"true\"><\/i><\/a><\/span><\/p>\n","protected":false},"author":2,"featured_media":0,"parent":0,"menu_order":0,"comment_status":"closed","ping_status":"closed","template":"elementor_header_footer","meta":{"footnotes":""},"_links":{"self":[{"href":"http:\/\/lenefauerby.dk\/index.php?rest_route=\/wp\/v2\/pages\/8"}],"collection":[{"href":"http:\/\/lenefauerby.dk\/index.php?rest_route=\/wp\/v2\/pages"}],"about":[{"href":"http:\/\/lenefauerby.dk\/index.php?rest_route=\/wp\/v2\/types\/page"}],"author":[{"embeddable":true,"href":"http:\/\/lenefauerby.dk\/index.php?rest_route=\/wp\/v2\/users\/2"}],"replies":[{"embeddable":true,"href":"http:\/\/lenefauerby.dk\/index.php?rest_route=%2Fwp%2Fv2%2Fcomments&post=8"}],"version-history":[{"count":33,"href":"http:\/\/lenefauerby.dk\/index.php?rest_route=\/wp\/v2\/pages\/8\/revisions"}],"predecessor-version":[{"id":813,"href":"http:\/\/lenefauerby.dk\/index.php?rest_route=\/wp\/v2\/pages\/8\/revisions\/813"}],"wp:attachment":[{"href":"http:\/\/lenefauerby.dk\/index.php?rest_route=%2Fwp%2Fv2%2Fmedia&parent=8"}],"curies":[{"name":"wp","href":"https:\/\/api.w.org\/{rel}","templated":true}]}}