{"id":348,"date":"2020-02-18T18:51:45","date_gmt":"2020-02-18T17:51:45","guid":{"rendered":"http:\/\/lenefauerby.dk\/?page_id=348"},"modified":"2020-07-22T10:57:18","modified_gmt":"2020-07-22T08:57:18","slug":"antologier","status":"publish","type":"page","link":"https:\/\/lenefauerby.dk\/?page_id=348","title":{"rendered":"Samlede udgaver\/antologier"},"content":{"rendered":"\t\t<div data-elementor-type=\"wp-page\" data-elementor-id=\"348\" class=\"elementor elementor-348\">\n\t\t\t\t\t\t<section class=\"elementor-section elementor-top-section elementor-element elementor-element-6901191 elementor-section-boxed elementor-section-height-default elementor-section-height-default\" data-id=\"6901191\" data-element_type=\"section\">\n\t\t\t\t\t\t<div class=\"elementor-container elementor-column-gap-default\">\n\t\t\t\t\t<div class=\"elementor-column elementor-col-100 elementor-top-column elementor-element elementor-element-f40838d\" data-id=\"f40838d\" data-element_type=\"column\">\n\t\t\t<div class=\"elementor-widget-wrap elementor-element-populated\">\n\t\t\t\t\t\t<div class=\"elementor-element elementor-element-dd27738 elementor-widget-divider--view-line_text elementor-widget-divider--element-align-center elementor-widget elementor-widget-divider\" data-id=\"dd27738\" data-element_type=\"widget\" data-widget_type=\"divider.default\">\n\t\t\t\t<div class=\"elementor-widget-container\">\n\t\t\t\t\t\t\t<div class=\"elementor-divider\">\n\t\t\t<span class=\"elementor-divider-separator\">\n\t\t\t\t\t\t\t<span class=\"elementor-divider__text elementor-divider__element\">\n\t\t\t\tSamlede udgaver\/antologier\t\t\t\t<\/span>\n\t\t\t\t\t\t<\/span>\n\t\t<\/div>\n\t\t\t\t\t\t<\/div>\n\t\t\t\t<\/div>\n\t\t\t\t\t<\/div>\n\t\t<\/div>\n\t\t\t\t\t<\/div>\n\t\t<\/section>\n\t\t\t\t<section class=\"elementor-section elementor-top-section elementor-element elementor-element-0a916c7 elementor-section-boxed elementor-section-height-default elementor-section-height-default\" data-id=\"0a916c7\" data-element_type=\"section\">\n\t\t\t\t\t\t<div class=\"elementor-container elementor-column-gap-default\">\n\t\t\t\t\t<div class=\"elementor-column elementor-col-100 elementor-top-column elementor-element elementor-element-0b8171d\" data-id=\"0b8171d\" data-element_type=\"column\">\n\t\t\t<div class=\"elementor-widget-wrap elementor-element-populated\">\n\t\t\t\t\t\t<div class=\"elementor-element elementor-element-a4d5534 elementor-widget elementor-widget-spacer\" data-id=\"a4d5534\" data-element_type=\"widget\" data-widget_type=\"spacer.default\">\n\t\t\t\t<div class=\"elementor-widget-container\">\n\t\t\t\t\t\t\t<div class=\"elementor-spacer\">\n\t\t\t<div class=\"elementor-spacer-inner\"><\/div>\n\t\t<\/div>\n\t\t\t\t\t\t<\/div>\n\t\t\t\t<\/div>\n\t\t\t\t\t<\/div>\n\t\t<\/div>\n\t\t\t\t\t<\/div>\n\t\t<\/section>\n\t\t\t\t<section class=\"elementor-section elementor-top-section elementor-element elementor-element-deba3b4 elementor-section-boxed elementor-section-height-default elementor-section-height-default\" data-id=\"deba3b4\" data-element_type=\"section\">\n\t\t\t\t\t\t<div class=\"elementor-container elementor-column-gap-default\">\n\t\t\t\t\t<div class=\"elementor-column elementor-col-50 elementor-top-column elementor-element elementor-element-216e564\" data-id=\"216e564\" data-element_type=\"column\">\n\t\t\t<div class=\"elementor-widget-wrap elementor-element-populated\">\n\t\t\t\t\t\t<div class=\"elementor-element elementor-element-d2195a5 elementor-widget elementor-widget-image\" data-id=\"d2195a5\" data-element_type=\"widget\" data-widget_type=\"image.default\">\n\t\t\t\t<div class=\"elementor-widget-container\">\n\t\t\t\t\t\t\t\t\t\t\t\t\t\t\t<img decoding=\"async\" src=\"https:\/\/lenefauerby.dk\/wp-content\/uploads\/2020\/03\/7221237.jpg\" title=\"7221237\" alt=\"7221237\" loading=\"lazy\" \/>\t\t\t\t\t\t\t\t\t\t\t\t\t\t\t<\/div>\n\t\t\t\t<\/div>\n\t\t\t\t\t<\/div>\n\t\t<\/div>\n\t\t\t\t<div class=\"elementor-column elementor-col-50 elementor-top-column elementor-element elementor-element-e47a602\" data-id=\"e47a602\" data-element_type=\"column\">\n\t\t\t<div class=\"elementor-widget-wrap elementor-element-populated\">\n\t\t\t\t\t\t<div class=\"elementor-element elementor-element-a827af3 elementor-widget elementor-widget-text-editor\" data-id=\"a827af3\" data-element_type=\"widget\" data-widget_type=\"text-editor.default\">\n\t\t\t\t<div class=\"elementor-widget-container\">\n\t\t\t\t\t\t\t\t\t<p>Din egen tykke bog om at blive storebror elle stores\u00f8ster.<\/p><p><strong>Der er en baby i mors mave<\/strong><\/p><p>Og en masse andre er blevet stores\u00f8ster eller storebror for nylig. Derfor har Gyldendal udgivet denne dejlige bog \u201cDer er en baby i mors mave\u201d med Mette og hendes meget gravide mor p\u00e5 forsiden.<\/p><p>Og med\u00a0<strong>Mette f\u00e5r en lilles\u00f8ster<\/strong>\u00a0som f\u00f8rste historie \ud83d\ude42<\/p><p>Med bidrag af Lene Fauerby, Kim Fupz Aakeson, Lycy Collins, Mats L\u00e9ten, Thomas Svensson, Eline Sigfusson, Maise Njor og Hanne Kvist.<\/p><p>Gyldendal 2011<\/p>\t\t\t\t\t\t\t\t<\/div>\n\t\t\t\t<\/div>\n\t\t\t\t\t<\/div>\n\t\t<\/div>\n\t\t\t\t\t<\/div>\n\t\t<\/section>\n\t\t\t\t<section class=\"elementor-section elementor-top-section elementor-element elementor-element-c56bd28 elementor-section-boxed elementor-section-height-default elementor-section-height-default\" data-id=\"c56bd28\" data-element_type=\"section\">\n\t\t\t\t\t\t<div class=\"elementor-container elementor-column-gap-default\">\n\t\t\t\t\t<div class=\"elementor-column elementor-col-100 elementor-top-column elementor-element elementor-element-f86b428\" data-id=\"f86b428\" data-element_type=\"column\">\n\t\t\t<div class=\"elementor-widget-wrap elementor-element-populated\">\n\t\t\t\t\t\t<div class=\"elementor-element elementor-element-4889aae elementor-widget elementor-widget-spacer\" data-id=\"4889aae\" data-element_type=\"widget\" data-widget_type=\"spacer.default\">\n\t\t\t\t<div class=\"elementor-widget-container\">\n\t\t\t\t\t\t\t<div class=\"elementor-spacer\">\n\t\t\t<div class=\"elementor-spacer-inner\"><\/div>\n\t\t<\/div>\n\t\t\t\t\t\t<\/div>\n\t\t\t\t<\/div>\n\t\t\t\t\t<\/div>\n\t\t<\/div>\n\t\t\t\t\t<\/div>\n\t\t<\/section>\n\t\t\t\t<section class=\"elementor-section elementor-top-section elementor-element elementor-element-0711e15 elementor-section-boxed elementor-section-height-default elementor-section-height-default\" data-id=\"0711e15\" data-element_type=\"section\">\n\t\t\t\t\t\t<div class=\"elementor-container elementor-column-gap-default\">\n\t\t\t\t\t<div class=\"elementor-column elementor-col-100 elementor-top-column elementor-element elementor-element-22d25c4\" data-id=\"22d25c4\" data-element_type=\"column\">\n\t\t\t<div class=\"elementor-widget-wrap elementor-element-populated\">\n\t\t\t\t\t\t<div class=\"elementor-element elementor-element-fbdd3fb elementor-tabs-view-vertical elementor-widget elementor-widget-tabs\" data-id=\"fbdd3fb\" data-element_type=\"widget\" data-widget_type=\"tabs.default\">\n\t\t\t\t<div class=\"elementor-widget-container\">\n\t\t\t\t\t\t\t<div class=\"elementor-tabs\">\n\t\t\t<div class=\"elementor-tabs-wrapper\" role=\"tablist\" >\n\t\t\t\t\t\t\t\t\t<div id=\"elementor-tab-title-2641\" class=\"elementor-tab-title elementor-tab-desktop-title\" aria-selected=\"true\" data-tab=\"1\" role=\"tab\" tabindex=\"0\" aria-controls=\"elementor-tab-content-2641\" aria-expanded=\"false\">Der er en baby i mors mave<\/div>\n\t\t\t\t\t\t\t\t\t<div id=\"elementor-tab-title-2642\" class=\"elementor-tab-title elementor-tab-desktop-title\" aria-selected=\"false\" data-tab=\"2\" role=\"tab\" tabindex=\"-1\" aria-controls=\"elementor-tab-content-2642\" aria-expanded=\"false\">En dr\u00f8m om vinger \u2013 og andre historier<\/div>\n\t\t\t\t\t\t\t\t\t<div id=\"elementor-tab-title-2643\" class=\"elementor-tab-title elementor-tab-desktop-title\" aria-selected=\"false\" data-tab=\"3\" role=\"tab\" tabindex=\"-1\" aria-controls=\"elementor-tab-content-2643\" aria-expanded=\"false\">Godnat min skat<\/div>\n\t\t\t\t\t\t\t\t\t<div id=\"elementor-tab-title-2644\" class=\"elementor-tab-title elementor-tab-desktop-title\" aria-selected=\"false\" data-tab=\"4\" role=\"tab\" tabindex=\"-1\" aria-controls=\"elementor-tab-content-2644\" aria-expanded=\"false\">Landet l\u00e6ngere v\u00e6k<\/div>\n\t\t\t\t\t\t\t\t\t<div id=\"elementor-tab-title-2645\" class=\"elementor-tab-title elementor-tab-desktop-title\" aria-selected=\"false\" data-tab=\"5\" role=\"tab\" tabindex=\"-1\" aria-controls=\"elementor-tab-content-2645\" aria-expanded=\"false\">Nordlys for anden<\/div>\n\t\t\t\t\t\t\t\t\t<div id=\"elementor-tab-title-2646\" class=\"elementor-tab-title elementor-tab-desktop-title\" aria-selected=\"false\" data-tab=\"6\" role=\"tab\" tabindex=\"-1\" aria-controls=\"elementor-tab-content-2646\" aria-expanded=\"false\">Nye nordlys for anden<\/div>\n\t\t\t\t\t\t\t\t\t<div id=\"elementor-tab-title-2647\" class=\"elementor-tab-title elementor-tab-desktop-title\" aria-selected=\"false\" data-tab=\"7\" role=\"tab\" tabindex=\"-1\" aria-controls=\"elementor-tab-content-2647\" aria-expanded=\"false\">Verden fuld af ord<\/div>\n\t\t\t\t\t\t\t\t\t<div id=\"elementor-tab-title-2648\" class=\"elementor-tab-title elementor-tab-desktop-title\" aria-selected=\"false\" data-tab=\"8\" role=\"tab\" tabindex=\"-1\" aria-controls=\"elementor-tab-content-2648\" aria-expanded=\"false\">Regnvejr<\/div>\n\t\t\t\t\t\t\t<\/div>\n\t\t\t<div class=\"elementor-tabs-content-wrapper\" role=\"tablist\" aria-orientation=\"vertical\">\n\t\t\t\t\t\t\t\t\t<div class=\"elementor-tab-title elementor-tab-mobile-title\" aria-selected=\"true\" data-tab=\"1\" role=\"tab\" tabindex=\"0\" aria-controls=\"elementor-tab-content-2641\" aria-expanded=\"false\">Der er en baby i mors mave<\/div>\n\t\t\t\t\t<div id=\"elementor-tab-content-2641\" class=\"elementor-tab-content elementor-clearfix\" data-tab=\"1\" role=\"tabpanel\" aria-labelledby=\"elementor-tab-title-2641\" tabindex=\"0\" hidden=\"false\"><p><strong><img fetchpriority=\"high\" decoding=\"async\" class=\"size-medium wp-image-507 alignleft\" src=\"http:\/\/lenefauerby.dk\/wp-content\/uploads\/2020\/03\/7221237-1-233x300.jpg\" alt=\"\" width=\"233\" height=\"300\" srcset=\"https:\/\/lenefauerby.dk\/wp-content\/uploads\/2020\/03\/7221237-1-233x300.jpg 233w, https:\/\/lenefauerby.dk\/wp-content\/uploads\/2020\/03\/7221237-1.jpg 280w\" sizes=\"(max-width: 233px) 100vw, 233px\" \/><\/strong><strong>Der er en baby i mors mave<\/strong> : din egen tykke bog om at blive storebror eller stores\u00f8ster (2011) \u2013 BILLEDBOG<\/p><p><span class=\"bold\">Anvendelse\/m\u00e5lgruppe\/niveau<\/span><br \/>Billedbogsantologi for de 2-6-\u00e5rige om familiefor\u00f8gelse<\/p><p><span class=\"bold\">Beskrivelse<\/span><br \/>Syv kendte billedbogshistorier og en enkelt h\u00f8jtl\u00e6sningshistorie samlet under det samme tema \u2013 at blive storebror eller stores\u00f8ster. Lene Fauerbys historie om Mette og Lucy Cousins historie om zebraen Za-za henvender sig til de yngste fra 2 \u00e5r, mens resten af historierne er fra 3-4 \u00e5r. Maise Njors bog\u00a0<i>Er det her, der bliver bollet?<\/i>, 2009, anbefales oprindeligt som h\u00f8jtl\u00e6sning for de 5-9-\u00e5rige, og uddraget i denne antologi vil sagtens kunne forst\u00e5s af de 5-6-\u00e5rige. Historierne belyser emnet s\u00f8skende fra flere forskellige vinkler. I historien om Stumpen, vender den lille ny op og ned p\u00e5 Jacobs familieliv, mens Johannes nye tvillingebr\u00f8dre ogs\u00e5 kr\u00e6ver sin stores\u00f8ster. I\u00a0<i>Jeg vil ogs\u00e5 v\u00e6re baby<\/i>\u00a0og\u00a0<i>Os to uden sutsko<\/i>\u00a0er emnerne s\u00f8skendejalousi og angsten for forandring, mens enebarnet i Fupz Aakesons\u00a0<i>Pigen der fik rigtig mange s\u00f8skende<\/i>\u00a0inderligt savner en bror eller s\u00f8ster<\/p><p><span class=\"bold\">Sammenligning<\/span><br \/>Der er ikke udgivet en tilsvarende antologi om emnet. Bogen kan i sin form minde en del om de andre nyere antologier om den yngre m\u00e5lgruppes liv, som fx\u00a0<i>Velkommen i b\u00f8rnehaven : din egen store bog med sjove historier om at g\u00e5 i b\u00f8rnehave<\/i>, 2010<\/p><p><span class=\"bold\">Samlet konklusion<\/span><br \/>En antologi om at blive storebror eller stores\u00f8ster. Otte klassiske historier for forskellige alderstrin og med forskellige vinkler, som nok skal blive godt modtaget af sm\u00e5b\u00f8rnsfor\u00e6ldrene<\/p><p>Lekt\u00f8r:\u00a0<a class=\"lnk\" href=\"http:\/\/lenefauerby.dk\/emner\/vis.php?target[]=&origin=kommando&field1=lrc&term1=Boisen%20Michelsen%20Pia\">Pia Boisen Michelsen<\/a><\/p><\/div>\n\t\t\t\t\t\t\t\t\t<div class=\"elementor-tab-title elementor-tab-mobile-title\" aria-selected=\"false\" data-tab=\"2\" role=\"tab\" tabindex=\"-1\" aria-controls=\"elementor-tab-content-2642\" aria-expanded=\"false\">En dr\u00f8m om vinger \u2013 og andre historier<\/div>\n\t\t\t\t\t<div id=\"elementor-tab-content-2642\" class=\"elementor-tab-content elementor-clearfix\" data-tab=\"2\" role=\"tabpanel\" aria-labelledby=\"elementor-tab-title-2642\" tabindex=\"0\" hidden=\"hidden\"><p><strong><img decoding=\"async\" class=\"size-medium wp-image-580 alignleft\" src=\"http:\/\/lenefauerby.dk\/wp-content\/uploads\/2020\/03\/3567529-1-212x300.jpg\" alt=\"\" width=\"212\" height=\"300\" srcset=\"https:\/\/lenefauerby.dk\/wp-content\/uploads\/2020\/03\/3567529-1-212x300.jpg 212w, https:\/\/lenefauerby.dk\/wp-content\/uploads\/2020\/03\/3567529-1.jpg 280w\" sizes=\"(max-width: 212px) 100vw, 212px\" \/><\/strong><\/p>\n<p><strong style=\"font-size: 1.125rem;\">En dr\u00f8m om vinger \u2013 og andre historier<\/strong><span style=\"font-size: 1.125rem;\">: udvalgte historier fra Samvirke 1998-2001\/S\u00f8nsthagen (red.). Danskl\u00e6rerforeningen.<\/span><\/p>\n<p><span style=\"font-size: 1.125rem;\">s. 23 her er de to f\u00f8rste vers i historien<\/span><br><\/p>\n<p><strong><br><\/strong><\/p>\n<p><strong><br><\/strong><\/p>\n<p><strong>Katten af t\u00f8nden<\/strong><\/p>\n<p>Peter fik en lille kat<\/p>\n<p>sort og bl\u00f8d en julenat.<\/p>\n<p>Henrik blev s\u00e5 f\u00e6lt jaloux.<\/p>\n<p>Han slog Peters fryd itu.<\/p>\n<p>\u2026<\/p>\n<p>\u201cVent du kun til fastelavn,<\/p>\n<p>s\u00e5 skal katten g\u00f8re gavn.<\/p>\n<p>T\u00f8nden den skal fyldes op,<\/p>\n<p>stoppes med en kattekrop.\u201d<\/p><\/div>\n\t\t\t\t\t\t\t\t\t<div class=\"elementor-tab-title elementor-tab-mobile-title\" aria-selected=\"false\" data-tab=\"3\" role=\"tab\" tabindex=\"-1\" aria-controls=\"elementor-tab-content-2643\" aria-expanded=\"false\">Godnat min skat<\/div>\n\t\t\t\t\t<div id=\"elementor-tab-content-2643\" class=\"elementor-tab-content elementor-clearfix\" data-tab=\"3\" role=\"tabpanel\" aria-labelledby=\"elementor-tab-title-2643\" tabindex=\"0\" hidden=\"hidden\"><p><img decoding=\"async\" class=\"size-medium wp-image-667 alignleft\" src=\"http:\/\/lenefauerby.dk\/wp-content\/uploads\/2020\/03\/tumblr_nvlm9zMnzL1u3v9koo2_r1_1280-300x281.jpg\" alt=\"\" width=\"300\" height=\"281\" srcset=\"https:\/\/lenefauerby.dk\/wp-content\/uploads\/2020\/03\/tumblr_nvlm9zMnzL1u3v9koo2_r1_1280-300x281.jpg 300w, https:\/\/lenefauerby.dk\/wp-content\/uploads\/2020\/03\/tumblr_nvlm9zMnzL1u3v9koo2_r1_1280-1024x961.jpg 1024w, https:\/\/lenefauerby.dk\/wp-content\/uploads\/2020\/03\/tumblr_nvlm9zMnzL1u3v9koo2_r1_1280-768x721.jpg 768w, https:\/\/lenefauerby.dk\/wp-content\/uploads\/2020\/03\/tumblr_nvlm9zMnzL1u3v9koo2_r1_1280.jpg 1280w\" sizes=\"(max-width: 300px) 100vw, 300px\" \/><strong style=\"font-size: 1.125rem;\"><span style=\"font-size: 1.125rem;\">Godnat min skat<\/span><\/strong><\/p>\n<p><span style=\"font-size: 1.125rem;\">Er det blevet puttetid? S\u00e5 snup denne hyggelige bog fuld af s\u00f8de og sjove historier, sange, rim og billeder for de allermindste ? og tag med lille Madsen p\u00e5 flyvetur, med Magnus p\u00e5 godnatbes\u00f8g i junglen eller med Guldlok p\u00e5 bes\u00f8g hos de tre bj\u00f8rne. \u00a0 Godnat min skat er en bog med b\u00e5de nye og gamle klassikere, som kan l\u00e6ses igen og igen. \u00a0 \u00a0 Jacob Martin Strid, Marianne Iben Hansen, Mats Let\u00e9n, Karin Feit Almberg, Lene Fauerby<\/span><\/p>\n<p><\/p><\/div>\n\t\t\t\t\t\t\t\t\t<div class=\"elementor-tab-title elementor-tab-mobile-title\" aria-selected=\"false\" data-tab=\"4\" role=\"tab\" tabindex=\"-1\" aria-controls=\"elementor-tab-content-2644\" aria-expanded=\"false\">Landet l\u00e6ngere v\u00e6k<\/div>\n\t\t\t\t\t<div id=\"elementor-tab-content-2644\" class=\"elementor-tab-content elementor-clearfix\" data-tab=\"4\" role=\"tabpanel\" aria-labelledby=\"elementor-tab-title-2644\" tabindex=\"0\" hidden=\"hidden\"><p><strong style=\"font-size: 1.125rem;\">Landet l\u00e6ngere v\u00e6k<\/strong><strong><img loading=\"lazy\" decoding=\"async\" class=\"size-medium wp-image-497 alignleft\" src=\"http:\/\/lenefauerby.dk\/wp-content\/uploads\/2020\/03\/5675526-1-225x300.jpg\" alt=\"\" width=\"225\" height=\"300\" srcset=\"https:\/\/lenefauerby.dk\/wp-content\/uploads\/2020\/03\/5675526-1-225x300.jpg 225w, https:\/\/lenefauerby.dk\/wp-content\/uploads\/2020\/03\/5675526-1.jpg 280w\" sizes=\"(max-width: 225px) 100vw, 225px\" \/><\/strong><\/p>\n<p>73 danske illustratorer tegner til korte tekster for b\u00f8rn. Har to tekster med \u201cRegnvejr\u201d og \u201cS\u00f8mmene og champignonen\u201d.<\/p>\n<p>Henholdsvis s. 76 samt s. 14<\/p><\/div>\n\t\t\t\t\t\t\t\t\t<div class=\"elementor-tab-title elementor-tab-mobile-title\" aria-selected=\"false\" data-tab=\"5\" role=\"tab\" tabindex=\"-1\" aria-controls=\"elementor-tab-content-2645\" aria-expanded=\"false\">Nordlys for anden<\/div>\n\t\t\t\t\t<div id=\"elementor-tab-content-2645\" class=\"elementor-tab-content elementor-clearfix\" data-tab=\"5\" role=\"tabpanel\" aria-labelledby=\"elementor-tab-title-2645\" tabindex=\"0\" hidden=\"hidden\"><p><img loading=\"lazy\" decoding=\"async\" class=\"size-medium wp-image-423 alignleft\" src=\"http:\/\/lenefauerby.dk\/wp-content\/uploads\/2020\/03\/1052451-186x300.jpg\" alt=\"\" width=\"186\" height=\"300\" srcset=\"https:\/\/lenefauerby.dk\/wp-content\/uploads\/2020\/03\/1052451-186x300.jpg 186w, https:\/\/lenefauerby.dk\/wp-content\/uploads\/2020\/03\/1052451.jpg 280w\" sizes=\"(max-width: 186px) 100vw, 186px\" \/><b style=\"font-size: 1.125rem;\">Nordlys for anden<\/b><\/p><p>Illustreret af Dorte Karreb\u00e6k.<\/p><p>En samling danske tekster til de l\u00e6selystne b\u00f8rn i 2. klasse.<\/p><p>Har s.35\u00a0tekst med \u201cFrida redder et nyf\u00f8dt lam\u201d.<\/p><p>Frida er p\u00e5 bes\u00f8g hos morfar i hans hus p\u00e5 landet. Det er kold vinter. Frida og morfar g\u00e5r en tur, og p\u00e5 den frosne hvide mark ser de\u00a0et f\u00e5r st\u00e5 helt alene. Foran f\u00e5ret er en lille sort plet i den hvide sne. Et nyf\u00f8dt lam.<\/p><p>Hvordan f\u00e5r de lammet og dets mor tilbage i stalden, inden natten og R\u00c6VEN kommer?\u00a0<\/p><p>\u00a0<\/p><\/div>\n\t\t\t\t\t\t\t\t\t<div class=\"elementor-tab-title elementor-tab-mobile-title\" aria-selected=\"false\" data-tab=\"6\" role=\"tab\" tabindex=\"-1\" aria-controls=\"elementor-tab-content-2646\" aria-expanded=\"false\">Nye nordlys for anden<\/div>\n\t\t\t\t\t<div id=\"elementor-tab-content-2646\" class=\"elementor-tab-content elementor-clearfix\" data-tab=\"6\" role=\"tabpanel\" aria-labelledby=\"elementor-tab-title-2646\" tabindex=\"0\" hidden=\"hidden\"><p><img loading=\"lazy\" decoding=\"async\" class=\"wp-image-525 size-medium alignleft\" src=\"http:\/\/lenefauerby.dk\/wp-content\/uploads\/2020\/03\/IMG_8828-scaled-e1583765887805-180x300.jpg\" alt=\"\" width=\"180\" height=\"300\" srcset=\"https:\/\/lenefauerby.dk\/wp-content\/uploads\/2020\/03\/IMG_8828-scaled-e1583765887805-180x300.jpg 180w, https:\/\/lenefauerby.dk\/wp-content\/uploads\/2020\/03\/IMG_8828-scaled-e1583765887805-613x1024.jpg 613w, https:\/\/lenefauerby.dk\/wp-content\/uploads\/2020\/03\/IMG_8828-scaled-e1583765887805-768x1283.jpg 768w, https:\/\/lenefauerby.dk\/wp-content\/uploads\/2020\/03\/IMG_8828-scaled-e1583765887805-919x1536.jpg 919w, https:\/\/lenefauerby.dk\/wp-content\/uploads\/2020\/03\/IMG_8828-scaled-e1583765887805-1226x2048.jpg 1226w, https:\/\/lenefauerby.dk\/wp-content\/uploads\/2020\/03\/IMG_8828-scaled-e1583765887805.jpg 1532w\" sizes=\"(max-width: 180px) 100vw, 180px\" \/><strong style=\"font-size: 1.125rem;\">Nye nordlys for anden<\/strong><\/p><p>En ny samling af udvalgte tekster, gamle som nye, som er beregnet til b\u00f8rn i anden klasse.<\/p><p>Her i Lene Fauerby: Vampyren<\/p><\/div>\n\t\t\t\t\t\t\t\t\t<div class=\"elementor-tab-title elementor-tab-mobile-title\" aria-selected=\"false\" data-tab=\"7\" role=\"tab\" tabindex=\"-1\" aria-controls=\"elementor-tab-content-2647\" aria-expanded=\"false\">Verden fuld af ord<\/div>\n\t\t\t\t\t<div id=\"elementor-tab-content-2647\" class=\"elementor-tab-content elementor-clearfix\" data-tab=\"7\" role=\"tabpanel\" aria-labelledby=\"elementor-tab-title-2647\" tabindex=\"0\" hidden=\"hidden\"><p><strong><img loading=\"lazy\" decoding=\"async\" class=\"size-full wp-image-397 alignleft\" src=\"http:\/\/lenefauerby.dk\/wp-content\/uploads\/2020\/03\/8823298.jpg\" alt=\"\" width=\"280\" height=\"361\" srcset=\"https:\/\/lenefauerby.dk\/wp-content\/uploads\/2020\/03\/8823298.jpg 280w, https:\/\/lenefauerby.dk\/wp-content\/uploads\/2020\/03\/8823298-233x300.jpg 233w\" sizes=\"(max-width: 280px) 100vw, 280px\" \/>Verden fuld af ord<\/strong><\/p><p>Ord tekst og forst\u00e5else for b\u00f8rnehaveklassen<\/p><p>af Lene Krogh Larsen og Hanne M\u00f8ller Pedersen.<\/p><p>Alinea 2010<\/p><p>Heri s. 33 \u2013 41: Hele <strong>Pigen der elskede ord<\/strong> samt l\u00e6rervejledning<\/p><\/div>\n\t\t\t\t\t\t\t\t\t<div class=\"elementor-tab-title elementor-tab-mobile-title\" aria-selected=\"false\" data-tab=\"8\" role=\"tab\" tabindex=\"-1\" aria-controls=\"elementor-tab-content-2648\" aria-expanded=\"false\">Regnvejr<\/div>\n\t\t\t\t\t<div id=\"elementor-tab-content-2648\" class=\"elementor-tab-content elementor-clearfix\" data-tab=\"8\" role=\"tabpanel\" aria-labelledby=\"elementor-tab-title-2648\" tabindex=\"0\" hidden=\"hidden\"><p><strong><img loading=\"lazy\" decoding=\"async\" class=\"alignright wp-image-418 size-full\" src=\"http:\/\/lenefauerby.dk\/wp-content\/uploads\/2020\/03\/9622062.jpg\" alt=\"\" width=\"280\" height=\"412\" srcset=\"https:\/\/lenefauerby.dk\/wp-content\/uploads\/2020\/03\/9622062.jpg 280w, https:\/\/lenefauerby.dk\/wp-content\/uploads\/2020\/03\/9622062-204x300.jpg 204w\" sizes=\"(max-width: 280px) 100vw, 280px\" \/>Regnvejr<\/strong><\/p><p>er med\u00a0\u201cLandet l\u00e6ngere v\u00e6k\u201d.<\/p><p><em>Regnen plisker plasker sjasker<\/em><\/p><p><em>ned i sko og \u00e5bne tasker<\/em><\/p><p><em>\u2026.<\/em><\/p><p><em>Regnen sm\u00e6lder pisker piber<\/em><\/p><p><em>maler luften fuld af striber<\/em><\/p><p><em>\u2026.<\/em><\/p><p><em>Regnen dundrer trommer brummer<\/em><\/p><p><em>ned p\u00e5 blik \u2013 et herligt nummer<\/em><\/p><p><em>\u2026.<\/em><\/p><p><em>Barnet synger traller r\u00e5ber<\/em><\/p><p><em>drikker regn i store dr\u00e5ber.<\/em><\/p><p><em>\u2026.<\/em><\/p><p><em>Illustration af Lis-Eva Klausb\u00f8l<\/em><\/p><p>\u00a0<\/p><\/div>\n\t\t\t\t\t\t\t<\/div>\n\t\t<\/div>\n\t\t\t\t\t\t<\/div>\n\t\t\t\t<\/div>\n\t\t\t\t\t<\/div>\n\t\t<\/div>\n\t\t\t\t\t<\/div>\n\t\t<\/section>\n\t\t\t\t<section class=\"elementor-section elementor-top-section elementor-element elementor-element-9c1ea74 elementor-section-boxed elementor-section-height-default elementor-section-height-default\" data-id=\"9c1ea74\" data-element_type=\"section\">\n\t\t\t\t\t\t<div class=\"elementor-container elementor-column-gap-default\">\n\t\t\t\t\t<div class=\"elementor-column elementor-col-100 elementor-top-column elementor-element elementor-element-f0586c1\" data-id=\"f0586c1\" data-element_type=\"column\">\n\t\t\t<div class=\"elementor-widget-wrap elementor-element-populated\">\n\t\t\t\t\t\t<div class=\"elementor-element elementor-element-14e7b4f elementor-widget elementor-widget-spacer\" data-id=\"14e7b4f\" data-element_type=\"widget\" data-widget_type=\"spacer.default\">\n\t\t\t\t<div class=\"elementor-widget-container\">\n\t\t\t\t\t\t\t<div class=\"elementor-spacer\">\n\t\t\t<div class=\"elementor-spacer-inner\"><\/div>\n\t\t<\/div>\n\t\t\t\t\t\t<\/div>\n\t\t\t\t<\/div>\n\t\t\t\t\t<\/div>\n\t\t<\/div>\n\t\t\t\t\t<\/div>\n\t\t<\/section>\n\t\t\t\t<\/div>\n\t\t","protected":false},"excerpt":{"rendered":"<p>Samlede udgaver\/antologier Din egen tykke bog om at blive storebror elle stores\u00f8ster. Der er en baby i mors mave Og en masse andre er blevet stores\u00f8ster eller storebror for nylig. Derfor har Gyldendal udgivet denne<span class=\"more-button\"><a href=\"https:\/\/lenefauerby.dk\/?page_id=348\" class=\"more-link\">Continue reading<span class=\"screen-reader-text\">Samlede udgaver\/antologier<\/span><i class=\"fa fa-angle-right\" aria-hidden=\"true\"><\/i><\/a><\/span><\/p>\n","protected":false},"author":2,"featured_media":0,"parent":0,"menu_order":0,"comment_status":"closed","ping_status":"closed","template":"elementor_header_footer","meta":{"footnotes":""},"_links":{"self":[{"href":"https:\/\/lenefauerby.dk\/index.php?rest_route=\/wp\/v2\/pages\/348"}],"collection":[{"href":"https:\/\/lenefauerby.dk\/index.php?rest_route=\/wp\/v2\/pages"}],"about":[{"href":"https:\/\/lenefauerby.dk\/index.php?rest_route=\/wp\/v2\/types\/page"}],"author":[{"embeddable":true,"href":"https:\/\/lenefauerby.dk\/index.php?rest_route=\/wp\/v2\/users\/2"}],"replies":[{"embeddable":true,"href":"https:\/\/lenefauerby.dk\/index.php?rest_route=%2Fwp%2Fv2%2Fcomments&post=348"}],"version-history":[{"count":12,"href":"https:\/\/lenefauerby.dk\/index.php?rest_route=\/wp\/v2\/pages\/348\/revisions"}],"predecessor-version":[{"id":800,"href":"https:\/\/lenefauerby.dk\/index.php?rest_route=\/wp\/v2\/pages\/348\/revisions\/800"}],"wp:attachment":[{"href":"https:\/\/lenefauerby.dk\/index.php?rest_route=%2Fwp%2Fv2%2Fmedia&parent=348"}],"curies":[{"name":"wp","href":"https:\/\/api.w.org\/{rel}","templated":true}]}}